{"id":1316,"date":"2017-10-16T04:10:26","date_gmt":"2017-10-16T04:10:26","guid":{"rendered":"http:\/\/ninzio.com\/bauer\/?page_id=1316"},"modified":"2021-01-26T22:06:14","modified_gmt":"2021-01-26T19:06:14","slug":"hakkimizda","status":"publish","type":"page","link":"https:\/\/vakityapi.com.tr\/hakkimizda\/","title":{"rendered":"Hakk\u0131m\u0131zda"},"content":{"rendered":"<p>[vc_row css=&#8221;.vc_custom_1558754119849{background-image: url(https:\/\/vakityapi.com.tr\/wp-content\/uploads\/2019\/05\/main-bg-1.png?id=8860) !important;background-position: center !important;background-repeat: no-repeat !important;background-size: cover !important;}&#8221; el_id=&#8221;first-row&#8221;][vc_column]\r\n\t<div class=\"bauer-spacer clearfix\" data-desktop=\"94\" data-mobi=\"60\" data-smobi=\"60\"><\/div>[vc_row_inner][vc_column_inner width=&#8221;1\/2&#8243;]<h2 class=\"bauer-text clearfix \" style=\"font-size:42px;line-height:50px;margin-bottom:32px;\"><h4>Biz Kimiz<\/h4>\n<\/h2><div class=\"bauer-text clearfix \" style=\"font-size:18px;line-height:30px;color:#414042;margin-bottom:34px;\"><p>Vakit Avc\u0131lar Yap\u0131 \u0130n\u015faat Otomotiv G\u0131da Sanayi ve Ticaret Ltd. \u015eti. 2010 y\u0131l\u0131nda b\u00f6lgenin \u00f6nde gelen in\u015faat firmalar\u0131na taahh\u00fct i\u015fleri yapmak amac\u0131 ile ba\u015flad\u0131\u011f\u0131 ticari faaliyetlerini geli\u015ftirerek edindi\u011fi tecr\u00fcbe ve birikimlerinin neticesinde \u00d6z sermayesi ile Arsa temini yaparak M\u00fcteahhitlik alan\u0131nda \u00e7al\u0131\u015fmalar\u0131na ba\u015flam\u0131\u015ft\u0131r. \u015eirketimiz b\u00f6lgesine de\u011fer katan g\u00fcvenli, kaliteli, fonksiyonel ya\u015fam alanlar\u0131 tasarlama ve in\u015fa etme idealiyle deneyimli, profesyonel ekibi ile pek \u00e7ok projeyi ba\u015far\u0131 ile teslim etmi\u015ftir.<\/p>\n<\/div><div class=\"bauer-text clearfix \" style=\"\"><p>Firmam\u0131z 2019 y\u0131l\u0131 itibariyle in\u015faat faaliyetlerinin yan\u0131nda Ar-ge \u00e7al\u0131\u015fmalar\u0131 neticesinde uluslararas\u0131 ticaret ve tekstil sekt\u00f6rlerine ad\u0131m atm\u0131\u015f ve ilk perakende kad\u0131n ma\u011fazas\u0131n\u0131 \u015fehrin Prestijli b\u00f6lgesinde a\u00e7m\u0131\u015ft\u0131r. Uluslararas\u0131 ticaret faaliyeti kapsam\u0131nda ihracat Departman\u0131n\u0131 kurmu\u015ftur. Yurtd\u0131\u015f\u0131ndan talepte bulunan m\u00fc\u015fterine kurumsal tecr\u00fcbesi ve \u00e7\u00f6z\u00fcm ortaklar\u0131n\u0131n da katk\u0131lar\u0131yla \u00f6ncelikli in\u015faat malzemeleri olmak \u00fczere \u00fcr\u00fcn ve malzeme tedariki yapmaktad\u0131r.<br \/>\n\u0130deallerimiz do\u011frultusunda sa\u011flam ad\u0131mlarla \u00e7a\u011f\u0131m\u0131z\u0131n g\u00f6rsel, toplumsal ve teknik ihtiya\u00e7lar\u0131n\u0131 kar\u015f\u0131layabilecek \u00f6zg\u00fcn tasar\u0131mlar\u0131 hayata ge\u00e7irmeyi ve m\u00fc\u015fterilerimizin taleplerine \u015eirketimizin temel de\u011ferlerinde yer alan vefa ve sorunsuz ticaret politikas\u0131 ile en uygun \u015fekilde kar\u015f\u0131l\u0131k vermeyi hedeflemekteyiz.<\/p>\n<\/div>\r\n\t<div class=\"bauer-spacer clearfix\" data-desktop=\"60\" data-mobi=\"30\" data-smobi=\"30\"><\/div>[\/vc_column_inner][vc_column_inner width=&#8221;1\/2&#8243;]\r\n\t<div class=\"bauer-spacer clearfix\" data-desktop=\"55\" data-mobi=\"40\" data-smobi=\"40\"><\/div><div class=\"bauer-simple-image text-center\" style=\"\" >\r\n\t\t\t<img alt=\"image\" src=\"https:\/\/vakityapi.com.tr\/wp-content\/uploads\/2021\/01\/IMG_2115-min.jpg\" \/> \r\n\t\t<\/div>[\/vc_column_inner][\/vc_row_inner][\/vc_column][\/vc_row][vc_row css=&#8221;.vc_custom_1611484274747{background-position: center !important;background-repeat: no-repeat !important;background-size: cover !important;}&#8221;][vc_column]\r\n\t<div class=\"bauer-spacer clearfix\" data-desktop=\"94\" data-mobi=\"60\" data-smobi=\"60\"><\/div>[vc_row_inner][vc_column_inner width=&#8221;1\/2&#8243;]\r\n\t<div class=\"bauer-spacer clearfix\" data-desktop=\"52\" data-mobi=\"30\" data-smobi=\"30\"><\/div><div class=\"bauer-text clearfix \" style=\"font-size:18px;line-height:30px;color:#414042;\"><h3>M\u0130SYON<\/h3>\n<\/div><div class=\"bauer-text clearfix \" style=\"font-size:18px;line-height:30px;color:#414042;\"><p>Vakit Yap\u0131&#8217;n\u0131n hedefi, de\u011fi\u015fen ve b\u00fcy\u00fcyen global d\u00fczen i\u00e7erisindeki yerini sa\u011flamla\u015ft\u0131rmak. Gerek i\u015f stratejisi a\u00e7\u0131s\u0131ndan, gerekse de yap\u0131lm\u0131\u015f ve yap\u0131lacak yeni projeleriyle sekt\u00f6re \u0131\u015f\u0131k tutmakt\u0131r. Sekt\u00f6rdeki markas\u0131 ve g\u00fcvenilirli\u011fine yak\u0131\u015f\u0131r kalitede projeler haz\u0131rlayarak, m\u00fc\u015fterilerinin ihtiya\u00e7lar\u0131n\u0131 zaman\u0131nda kar\u015f\u0131lamak ve m\u00fc\u015fterilerinin memnuniyetini en \u00fcst seviyede tutmak as\u0131l ama\u00e7lar\u0131ndand\u0131r.<\/p>\n<\/div>[\/vc_column_inner][vc_column_inner width=&#8221;1\/2&#8243;]\r\n\t<div class=\"bauer-spacer clearfix\" data-desktop=\"52\" data-mobi=\"30\" data-smobi=\"30\"><\/div><div class=\"bauer-text clearfix \" style=\"font-size:18px;line-height:30px;color:#414042;\"><h3>V\u0130ZYON<\/h3>\n<\/div><div class=\"bauer-text clearfix \" style=\"font-size:18px;line-height:30px;color:#414042;\"><p>Vakit Yap\u0131&#8217;n\u0131n amac\u0131, faaliyet g\u00f6sterdi\u011fi her sekt\u00f6rde kendini yenilemek ve geli\u015ftirmektir.<br \/>\nBu ama\u00e7 do\u011frultusunda, faaliyet g\u00f6sterdi\u011fi sekt\u00f6rlerde yenilik\u00e7ili\u011fi ilke edinmek ve kalite anlay\u0131\u015f\u0131n\u0131 \u00fcst d\u00fczeyde tutmakt\u0131r. Ana faaliyet alan\u0131 olan gayrimenkul sekt\u00f6r\u00fcndeki amac\u0131, \u00e7a\u011f\u0131n yeniliklerini takip etmek de\u011fil, yeni \u00e7a\u011flar yaratmakt\u0131r.<\/p>\n<\/div>[\/vc_column_inner][\/vc_row_inner]\r\n\t<div class=\"bauer-spacer clearfix\" data-desktop=\"70\" data-mobi=\"50\" data-smobi=\"50\"><\/div>\r\n\t<div class=\"bauer-spacer clearfix\" data-desktop=\"100\" data-mobi=\"60\" data-smobi=\"60\"><\/div>[\/vc_column][\/vc_row]<\/p>\n","protected":false},"excerpt":{"rendered":"<p>[vc_row css=&#8221;.vc_custom_1558754119849{background-image: url(https:\/\/vakityapi.com.tr\/wp-content\/uploads\/2019\/05\/main-bg-1.png?id=8860) !important;background-position: center !important;background-repeat: no-repeat !important;background-size: cover !important;}&#8221; el_id=&#8221;first-row&#8221;][vc_column] [vc_row_inner][vc_column_inner width=&#8221;1\/2&#8243;]Biz Kimiz Vakit Avc\u0131lar Yap\u0131 \u0130n\u015faat Otomotiv G\u0131da Sanayi ve Ticaret Ltd. \u015eti. 2010 y\u0131l\u0131nda b\u00f6lgenin \u00f6nde gelen in\u015faat firmalar\u0131na taahh\u00fct i\u015fleri yapmak amac\u0131 ile ba\u015flad\u0131\u011f\u0131 ticari faaliyetlerini geli\u015ftirerek edindi\u011fi tecr\u00fcbe ve birikimlerinin neticesinde \u00d6z sermayesi ile Arsa<\/p>\n","protected":false},"author":1,"featured_media":0,"parent":0,"menu_order":0,"comment_status":"closed","ping_status":"closed","template":"","meta":[],"_links":{"self":[{"href":"https:\/\/vakityapi.com.tr\/wp-json\/wp\/v2\/pages\/1316"}],"collection":[{"href":"https:\/\/vakityapi.com.tr\/wp-json\/wp\/v2\/pages"}],"about":[{"href":"https:\/\/vakityapi.com.tr\/wp-json\/wp\/v2\/types\/page"}],"author":[{"embeddable":true,"href":"https:\/\/vakityapi.com.tr\/wp-json\/wp\/v2\/users\/1"}],"replies":[{"embeddable":true,"href":"https:\/\/vakityapi.com.tr\/wp-json\/wp\/v2\/comments?post=1316"}],"version-history":[{"count":27,"href":"https:\/\/vakityapi.com.tr\/wp-json\/wp\/v2\/pages\/1316\/revisions"}],"predecessor-version":[{"id":9605,"href":"https:\/\/vakityapi.com.tr\/wp-json\/wp\/v2\/pages\/1316\/revisions\/9605"}],"wp:attachment":[{"href":"https:\/\/vakityapi.com.tr\/wp-json\/wp\/v2\/media?parent=1316"}],"curies":[{"name":"wp","href":"https:\/\/api.w.org\/{rel}","templated":true}]}}