{"id":2288,"date":"2017-12-07T02:25:11","date_gmt":"2017-12-07T02:25:11","guid":{"rendered":"http:\/\/ninzio.com\/bauer\/?page_id=2288"},"modified":"2021-02-07T20:42:05","modified_gmt":"2021-02-07T17:42:05","slug":"dis-ticaret","status":"publish","type":"page","link":"https:\/\/vakityapi.com.tr\/dis-ticaret\/","title":{"rendered":"D\u0131\u015f Ticaret"},"content":{"rendered":"<p>[vc_row css=&#8221;.vc_custom_1558852781310{background-color: #f7f9fa !important;background-position: center !important;background-repeat: no-repeat !important;background-size: cover !important;}&#8221;][vc_column][vc_row_inner][vc_column_inner width=&#8221;1\/2&#8243;][\/vc_column_inner][vc_column_inner width=&#8221;1\/2&#8243;]\r\n\t<div class=\"bauer-spacer clearfix\" data-desktop=\"52\" data-mobi=\"30\" data-smobi=\"30\"><\/div>[\/vc_column_inner][\/vc_row_inner][vc_row_inner][vc_column_inner width=&#8221;1\/2&#8243;]<div class=\"bauer-single-heading clearfix \" style=\"margin-bottom:25px;\"><span class=\"inner\"><span class=\"heading clearfix \" style=\"font-weight:600;color:#777777;font-size:16px;\">\r\n\t\t``K\u00dcRESEL PAZARDA \u00c7\u00d6Z\u00dcM ORTA\u011eINIZ``\r\n\t<\/span><\/span><\/div><div class=\"bauer-text clearfix \" style=\"font-size:18px;line-height:30px;color:#414042;\"><p style=\"text-align: left;\">VAK\u0130T YAPI 2020 y\u0131l\u0131 itibariyle in\u015faat ve tekstil sekt\u00f6r\u00fcndeki faaliyetlerinin yan\u0131nda ihracat departman\u0131n\u0131 kurmu\u015f ve faaliyete ge\u00e7irmi\u015ftir bu alandaki ilk ihracat\u0131n\u0131 afrika \u00fclkelerine in\u015faat malzemeleri seramik, kap\u0131, mobilya, laminant parke olarak ger\u00e7ekle\u015ftirmi\u015ftir. Her ge\u00e7en g\u00fcn k\u00fcresel pazardaki yerini sa\u011flamla\u015ft\u0131ran ve geni\u015fleten \u015firketimiz.<\/p>\n<\/div>[\/vc_column_inner][vc_column_inner width=&#8221;1\/2&#8243;]\r\n\t<div class=\"bauer-spacer clearfix\" data-desktop=\"52\" data-mobi=\"30\" data-smobi=\"30\"><\/div><div class=\"bauer-text clearfix \" style=\"font-size:18px;line-height:30px;color:#414042;\"><p>\u00d6ncelikli Afrika ve Avrupa \u00fclkelerine in\u015faat malzemeleri olmakla birlikte farkl\u0131 \u00fcr\u00fcn taleplerine de olumlu kar\u015f\u0131l\u0131k vermektedir.<br \/>\nT\u00fcrkiye pazar\u0131nda firmam\u0131z\u0131 tercih eden partnerlerimize g\u00fcven ve \u015feffafl\u0131k ilkesi ile hizmet vermenin, h\u0131zl\u0131, pratik \u00e7\u00f6z\u00fcm \u00fcretmenin kar\u015f\u0131l\u0131\u011f\u0131n\u0131 g\u00fcn ge\u00e7tik\u00e7e artan m\u00fc\u015fteri portf\u00f6y\u00fc olarak geri almaktad\u0131r.<\/p>\n<\/div>[\/vc_column_inner][vc_column_inner][\/vc_column_inner][\/vc_row_inner][vc_row_inner][vc_column_inner width=&#8221;1\/3&#8243;]<div class=\"bauer-content-box clearfix \" data-padding=\"17px 15px 17px 15px\" data-mobipadding=\"17px 15px 17px 15px\" data-margin=\"\" data-mobimargin=\"\" >\r\n\t\t<div class=\"inner ctb-735318601\" style=\"\"  data-background=\"#ffffff\" data-shadow-hover=\" 0px 0px 20px 0px rgba(0,0,0,0.07)\">\r\n\t\t\t<div class=\"bauer-image-box clearfix style-1 text-center\" style=\"\" >\r\n        <div class=\"item\">\r\n            <div class=\"inner\">\r\n                <div class=\"thumb\" style=\"\"><img width=\"556\" height=\"712\" src=\"https:\/\/vakityapi.com.tr\/wp-content\/uploads\/2021\/02\/Adsiz-tasarim-5-1.png\" class=\"attachment-full size-full\" alt=\"\" loading=\"lazy\" srcset=\"https:\/\/vakityapi.com.tr\/wp-content\/uploads\/2021\/02\/Adsiz-tasarim-5-1.png 556w, https:\/\/vakityapi.com.tr\/wp-content\/uploads\/2021\/02\/Adsiz-tasarim-5-1-234x300.png 234w, https:\/\/vakityapi.com.tr\/wp-content\/uploads\/2021\/02\/Adsiz-tasarim-5-1-480x615.png 480w\" sizes=\"(max-width: 556px) 100vw, 556px\" \/> <div class=\"hover-layer\"><a href=\"#\" class=\"icon\"><span class=\"elegant-icon_plus_alt\"><\/span><\/a><\/div><\/div>\r\n                <div class=\"text-wrap \" style=\" padding:30px 30px 12px;\">\r\n                    <h3 class=\"title\" style=\"font-size:18px;color:#414042;\">\r\n            <a href=\"#\">\r\n                SERAM\u0130K \u00dcR\u00dcNLER\u0130\r\n            <\/a>\r\n        <\/h3>  \r\n                <\/div>\r\n                \r\n            <\/div>\r\n        <\/div>\r\n    <\/div>\r\n\t\t<\/div>\r\n\t<\/div>\r\n\t<div class=\"bauer-spacer clearfix\" data-desktop=\"30\" data-mobi=\"30\" data-smobi=\"30\"><\/div>\r\n\t<div class=\"bauer-spacer clearfix\" data-desktop=\"0\" data-mobi=\"30\" data-smobi=\"30\"><\/div>[\/vc_column_inner][vc_column_inner width=&#8221;1\/3&#8243;]<div class=\"bauer-content-box clearfix \" data-padding=\"17px 15px 17px 15px\" data-mobipadding=\"17px 15px 17px 15px\" data-margin=\"\" data-mobimargin=\"\" >\r\n\t\t<div class=\"inner ctb-1488925965\" style=\"\"  data-background=\"#ffffff\" data-shadow-hover=\" 0px 0px 20px 0px rgba(0,0,0,0.07)\">\r\n\t\t\t<div class=\"bauer-image-box clearfix style-1 text-center\" style=\"\" >\r\n        <div class=\"item\">\r\n            <div class=\"inner\">\r\n                <div class=\"thumb\" style=\"\"><img width=\"556\" height=\"712\" src=\"https:\/\/vakityapi.com.tr\/wp-content\/uploads\/2021\/02\/dis-tic-1.png\" class=\"attachment-full size-full\" alt=\"\" loading=\"lazy\" srcset=\"https:\/\/vakityapi.com.tr\/wp-content\/uploads\/2021\/02\/dis-tic-1.png 556w, https:\/\/vakityapi.com.tr\/wp-content\/uploads\/2021\/02\/dis-tic-1-234x300.png 234w, https:\/\/vakityapi.com.tr\/wp-content\/uploads\/2021\/02\/dis-tic-1-480x615.png 480w\" sizes=\"(max-width: 556px) 100vw, 556px\" \/> <div class=\"hover-layer\"><a href=\"#\" class=\"icon\"><span class=\"elegant-icon_plus_alt\"><\/span><\/a><\/div><\/div>\r\n                <div class=\"text-wrap \" style=\" padding:30px 30px 12px;\">\r\n                    <h3 class=\"title\" style=\"font-size:18px;color:#414042;\">\r\n            <a href=\"#\">\r\n                TES\u0130SAT \u00dcR\u00dcNLER\u0130\r\n            <\/a>\r\n        <\/h3>  \r\n                <\/div>\r\n                \r\n            <\/div>\r\n        <\/div>\r\n    <\/div>\r\n\t\t<\/div>\r\n\t<\/div>\r\n\t<div class=\"bauer-spacer clearfix\" data-desktop=\"30\" data-mobi=\"30\" data-smobi=\"30\"><\/div>[\/vc_column_inner][vc_column_inner width=&#8221;1\/3&#8243;]<div class=\"bauer-content-box clearfix \" data-padding=\"17px 15px 17px 15px\" data-mobipadding=\"17px 15px 17px 15px\" data-margin=\"\" data-mobimargin=\"\" >\r\n\t\t<div class=\"inner ctb-1042515619\" style=\"\"  data-background=\"#ffffff\" data-shadow-hover=\" 0px 0px 20px 0px rgba(0,0,0,0.07)\">\r\n\t\t\t<div class=\"bauer-image-box clearfix style-1 text-center\" style=\"\" >\r\n        <div class=\"item\">\r\n            <div class=\"inner\">\r\n                <div class=\"thumb\" style=\"\"><img width=\"552\" height=\"712\" src=\"https:\/\/vakityapi.com.tr\/wp-content\/uploads\/2021\/02\/Adsiz-tasarim-4.png\" class=\"attachment-full size-full\" alt=\"\" loading=\"lazy\" srcset=\"https:\/\/vakityapi.com.tr\/wp-content\/uploads\/2021\/02\/Adsiz-tasarim-4.png 552w, https:\/\/vakityapi.com.tr\/wp-content\/uploads\/2021\/02\/Adsiz-tasarim-4-233x300.png 233w, https:\/\/vakityapi.com.tr\/wp-content\/uploads\/2021\/02\/Adsiz-tasarim-4-480x619.png 480w\" sizes=\"(max-width: 552px) 100vw, 552px\" \/> <div class=\"hover-layer\"><a href=\"#\" class=\"icon\"><span class=\"elegant-icon_plus_alt\"><\/span><\/a><\/div><\/div>\r\n                <div class=\"text-wrap \" style=\" padding:30px 30px 12px;\">\r\n                    <h3 class=\"title\" style=\"font-size:18px;color:#414042;\">\r\n            <a href=\"#\">\r\n                KAPI \u00c7E\u015e\u0130TLER\u0130\r\n            <\/a>\r\n        <\/h3>  \r\n                <\/div>\r\n                \r\n            <\/div>\r\n        <\/div>\r\n    <\/div>\r\n\t\t<\/div>\r\n\t<\/div>\r\n\t<div class=\"bauer-spacer clearfix\" data-desktop=\"30\" data-mobi=\"30\" data-smobi=\"30\"><\/div>[\/vc_column_inner][\/vc_row_inner][\/vc_column][\/vc_row][vc_row arrow=&#8221;yes&#8221; scroll_id=&#8221;first-row&#8221; el_class=&#8221;has-scroll-arrow&#8221;][\/vc_row][vc_row el_id=&#8221;first-row&#8221; css=&#8221;.vc_custom_1558594991053{background-image: url(http:\/\/ninzio.com\/bauer\/wp-content\/uploads\/2019\/05\/section-bg1.png?id=7906) !important;background-position: center !important;background-repeat: no-repeat !important;background-size: cover !important;}&#8221;][vc_column][vc_row_inner column_inner_spacing=&#8221;65&#8243;][vc_column_inner width=&#8221;1\/2&#8243;]<div class=\"bauer-images-carousel  arrow-bottom has-borders has-arrows\" data-auto=\"false\" data-loop=\"false\" data-gap=\"0\" data-column=\"1\" data-column2=\"1\" data-column3=\"1\">\r\n        <div class=\"owl-carousel owl-theme\"><div class=\"item-wrap\"><img src=\"https:\/\/vakityapi.com.tr\/wp-content\/uploads\/2021\/02\/dis-tic-2.png\" alt=\"Image\"><\/div><div class=\"item-wrap\"><img src=\"https:\/\/vakityapi.com.tr\/wp-content\/uploads\/2021\/02\/Adsiz-tasarim-1-1.png\" alt=\"Image\"><\/div><div class=\"item-wrap\"><img src=\"https:\/\/vakityapi.com.tr\/wp-content\/uploads\/2021\/02\/Adsiz-tasarim-2-1.png\" alt=\"Image\"><\/div><div class=\"item-wrap\"><img src=\"https:\/\/vakityapi.com.tr\/wp-content\/uploads\/2021\/02\/Adsiz-tasarim-3-1.png\" alt=\"Image\"><\/div><div class=\"item-wrap\"><img src=\"https:\/\/vakityapi.com.tr\/wp-content\/uploads\/2021\/02\/Adsiz-tasarim-6.png\" alt=\"Image\"><\/div><div class=\"item-wrap\"><img src=\"https:\/\/vakityapi.com.tr\/wp-content\/uploads\/2021\/02\/dis-tic-1.png\" alt=\"Image\"><\/div><div class=\"item-wrap\"><img src=\"https:\/\/vakityapi.com.tr\/wp-content\/uploads\/2021\/02\/dis-tic-3.png\" alt=\"Image\"><\/div><div class=\"item-wrap\"><img src=\"https:\/\/vakityapi.com.tr\/wp-content\/uploads\/2021\/02\/dis-tic-4.png\" alt=\"Image\"><\/div><div class=\"item-wrap\"><img src=\"https:\/\/vakityapi.com.tr\/wp-content\/uploads\/2021\/02\/dis-tic-5.png\" alt=\"Image\"><\/div><div class=\"item-wrap\"><img src=\"https:\/\/vakityapi.com.tr\/wp-content\/uploads\/2021\/02\/Adsiz-tasarim-4-1.png\" alt=\"Image\"><\/div><div class=\"item-wrap\"><img src=\"https:\/\/vakityapi.com.tr\/wp-content\/uploads\/2021\/01\/3.jpg\" alt=\"Image\"><\/div><\/div><\/div>[\/vc_column_inner][vc_column_inner width=&#8221;1\/2&#8243;]\r\n\t<div class=\"bauer-spacer clearfix\" data-desktop=\"45\" data-mobi=\"45\" data-smobi=\"45\"><\/div><h2 class=\"bauer-text clearfix \" style=\"font-size:42px;line-height:50px;margin-bottom:15px;\"><p>GEN\u0130\u015e \u00dcR\u00dcN PORTF\u00d6Y\u00dc<\/p>\n<p>&nbsp;<\/p>\n<\/h2><div class=\"bauer-text clearfix \" style=\"font-size:18px;line-height:30px;color:#414042;margin-bottom:40px;\"><p style=\"text-align: left;\">Yap\u0131 malzemelerinde t\u00fcm ihtiya\u00e7lar\u0131n\u0131za uygun,\u00a0 \u00a0 \u00a0 kaliteli \u00e7\u00f6z\u00fcmler.<\/p>\n<\/div><div class=\"bauer-grid-box clearfix grid2 border-light v-30 h-15 no-borders\" data-grid=\"2\" >\r\n\t\t<div class=\"bauer-icon-box clearfix icon-left align-left  simple\" style=\"background-color:#ffffff;padding:22px 25px 22px 25px;border-radius:5px;border:1px solid #e7e7e7;\" ><div class=\"wrap-inner\" style=\"position: relative;\"><div class=\"bauer-icon icon-1154579504 custom accent-bg\"  data-icon=\"#ffffff\">\r\n\t\t\t\t<span class=\"icon\" style=\"font-size:18px;width:42px;height:42px;border-style:solid;border-radius:21px;line-height:44px; box-shadow: 0px 0px 0px 4px rgba(243,92,39,0.2)\"><i class=\"elegant-icon_check_alt2\"><\/i><\/span>\r\n\t\t\t<\/div> <h3 class=\"heading \" style=\"padding-left:59px;font-size:15px;line-height:20px;\">\r\n\t\t\t<span>Asma tavan, ve akustik tavan malzemeleri<\/span>\r\n\t\t<\/h3> <\/div><\/div><div class=\"bauer-icon-box clearfix icon-left align-left  simple\" style=\"background-color:#ffffff;padding:22px 25px 22px 25px;border-radius:5px;border:1px solid #e7e7e7;\" ><div class=\"wrap-inner\" style=\"position: relative;\"><div class=\"bauer-icon icon-1700306296 custom accent-bg\"  data-icon=\"#ffffff\">\r\n\t\t\t\t<span class=\"icon\" style=\"font-size:18px;width:42px;height:42px;border-style:solid;border-radius:21px;line-height:44px; box-shadow: 0px 0px 0px 4px rgba(243,92,39,0.2)\"><i class=\"elegant-icon_check_alt2\"><\/i><\/span>\r\n\t\t\t<\/div> <h3 class=\"heading \" style=\"padding-left:59px;font-size:15px;line-height:20px;\">\r\n\t\t\t<span>Kap\u0131 ve pencere sistemleri<\/span>\r\n\t\t<\/h3> <\/div><\/div><div class=\"bauer-icon-box clearfix icon-left align-left  simple\" style=\"background-color:#ffffff;padding:22px 25px 22px 25px;border-radius:5px;border:1px solid #e7e7e7;\" ><div class=\"wrap-inner\" style=\"position: relative;\"><div class=\"bauer-icon icon-2127411543 custom accent-bg\"  data-icon=\"#ffffff\">\r\n\t\t\t\t<span class=\"icon\" style=\"font-size:18px;width:42px;height:42px;border-style:solid;border-radius:21px;line-height:44px; box-shadow: 0px 0px 0px 4px rgba(243,92,39,0.2)\"><i class=\"elegant-icon_check_alt2\"><\/i><\/span>\r\n\t\t\t<\/div> <h3 class=\"heading \" style=\"padding-left:59px;font-size:15px;line-height:20px;\">\r\n\t\t\t<span>Mobilya ve ah\u015fap \u00fcr\u00fcnler<\/span>\r\n\t\t<\/h3> <\/div><\/div><div class=\"bauer-icon-box clearfix icon-left align-left  simple\" style=\"background-color:#ffffff;padding:22px 25px 22px 25px;border-radius:5px;border:1px solid #e7e7e7;\" ><div class=\"wrap-inner\" style=\"position: relative;\"><div class=\"bauer-icon icon-2086805531 custom accent-bg\"  data-icon=\"#ffffff\">\r\n\t\t\t\t<span class=\"icon\" style=\"font-size:18px;width:42px;height:42px;border-style:solid;border-radius:21px;line-height:44px; box-shadow: 0px 0px 0px 4px rgba(243,92,39,0.2)\"><i class=\"elegant-icon_check_alt2\"><\/i><\/span>\r\n\t\t\t<\/div> <h3 class=\"heading \" style=\"padding-left:59px;font-size:15px;line-height:20px;\">\r\n\t\t\t<span>Seramik ve Vitrifiye<\/span>\r\n\t\t<\/h3> <\/div><\/div><div class=\"bauer-icon-box clearfix icon-left align-left  simple\" style=\"background-color:#ffffff;padding:22px 25px 22px 25px;border-radius:5px;border:1px solid #e7e7e7;\" ><div class=\"wrap-inner\" style=\"position: relative;\"><div class=\"bauer-icon icon-710422287 custom accent-bg\"  data-icon=\"#ffffff\">\r\n\t\t\t\t<span class=\"icon\" style=\"font-size:18px;width:42px;height:42px;border-style:solid;border-radius:21px;line-height:44px; box-shadow: 0px 0px 0px 4px rgba(243,92,39,0.2)\"><i class=\"elegant-icon_check_alt2\"><\/i><\/span>\r\n\t\t\t<\/div> <h3 class=\"heading \" style=\"padding-left:59px;font-size:15px;line-height:20px;\">\r\n\t\t\t<span>Banyo ve lavabo ekipmanlar\u0131<\/span>\r\n\t\t<\/h3> <\/div><\/div><div class=\"bauer-icon-box clearfix icon-left align-left  simple\" style=\"background-color:#ffffff;padding:22px 25px 22px 25px;border-radius:5px;border:1px solid #e7e7e7;\" ><div class=\"wrap-inner\" style=\"position: relative;\"><div class=\"bauer-icon icon-1069251712 custom accent-bg\"  data-icon=\"#ffffff\">\r\n\t\t\t\t<span class=\"icon\" style=\"font-size:18px;width:42px;height:42px;border-style:solid;border-radius:21px;line-height:44px; box-shadow: 0px 0px 0px 4px rgba(243,92,39,0.2)\"><i class=\"elegant-icon_check_alt2\"><\/i><\/span>\r\n\t\t\t<\/div> <h3 class=\"heading \" style=\"padding-left:59px;font-size:15px;line-height:20px;\">\r\n\t\t\t<span>Ve Di\u011fer \u0130n\u015faat Malzemeleri<\/span>\r\n\t\t<\/h3> <\/div><\/div><div class=\"bauer-action-box \" style=\"\">\r\n\t\t<div class=\"inner\"><\/div>\r\n\t<\/div>\r\n\t<div class=\"bauer-spacer clearfix\" data-desktop=\"0\" data-mobi=\"0\" data-smobi=\"0\"><\/div>\n\r\n\t<\/div>\r\n\t<div class=\"bauer-spacer clearfix\" data-desktop=\"50\" data-mobi=\"10\" data-smobi=\"10\"><\/div>[\/vc_column_inner][\/vc_row_inner]\r\n\t<div class=\"bauer-spacer clearfix\" data-desktop=\"100\" data-mobi=\"60\" data-smobi=\"60\"><\/div>[\/vc_column][\/vc_row][vc_row css=&#8221;.vc_custom_1558766443290{background-image: url(http:\/\/ninzio.com\/bauer\/wp-content\/uploads\/2019\/05\/archi-bg-2.png?id=8885) !important;background-position: center !important;background-repeat: no-repeat !important;background-size: cover !important;}&#8221;][\/vc_row]<\/p>\n","protected":false},"excerpt":{"rendered":"<p>[vc_row css=&#8221;.vc_custom_1558852781310{background-color: #f7f9fa !important;background-position: center !important;background-repeat: no-repeat !important;background-size: cover !important;}&#8221;][vc_column][vc_row_inner][vc_column_inner width=&#8221;1\/2&#8243;][\/vc_column_inner][vc_column_inner width=&#8221;1\/2&#8243;] [\/vc_column_inner][\/vc_row_inner][vc_row_inner][vc_column_inner width=&#8221;1\/2&#8243;] &#8220;K\u00dcRESEL PAZARDA \u00c7\u00d6Z\u00dcM ORTA\u011eINIZ&#8220; VAK\u0130T YAPI 2020 y\u0131l\u0131 itibariyle in\u015faat ve tekstil sekt\u00f6r\u00fcndeki faaliyetlerinin yan\u0131nda ihracat departman\u0131n\u0131 kurmu\u015f ve faaliyete ge\u00e7irmi\u015ftir bu alandaki ilk ihracat\u0131n\u0131 afrika \u00fclkelerine in\u015faat malzemeleri seramik, kap\u0131, mobilya, laminant parke olarak ger\u00e7ekle\u015ftirmi\u015ftir.<\/p>\n","protected":false},"author":1,"featured_media":0,"parent":0,"menu_order":0,"comment_status":"closed","ping_status":"closed","template":"","meta":[],"_links":{"self":[{"href":"https:\/\/vakityapi.com.tr\/wp-json\/wp\/v2\/pages\/2288"}],"collection":[{"href":"https:\/\/vakityapi.com.tr\/wp-json\/wp\/v2\/pages"}],"about":[{"href":"https:\/\/vakityapi.com.tr\/wp-json\/wp\/v2\/types\/page"}],"author":[{"embeddable":true,"href":"https:\/\/vakityapi.com.tr\/wp-json\/wp\/v2\/users\/1"}],"replies":[{"embeddable":true,"href":"https:\/\/vakityapi.com.tr\/wp-json\/wp\/v2\/comments?post=2288"}],"version-history":[{"count":33,"href":"https:\/\/vakityapi.com.tr\/wp-json\/wp\/v2\/pages\/2288\/revisions"}],"predecessor-version":[{"id":9791,"href":"https:\/\/vakityapi.com.tr\/wp-json\/wp\/v2\/pages\/2288\/revisions\/9791"}],"wp:attachment":[{"href":"https:\/\/vakityapi.com.tr\/wp-json\/wp\/v2\/media?parent=2288"}],"curies":[{"name":"wp","href":"https:\/\/api.w.org\/{rel}","templated":true}]}}