{"id":7805,"date":"2019-05-10T06:27:04","date_gmt":"2019-05-10T06:27:04","guid":{"rendered":"http:\/\/ninzio.com\/bauer\/?page_id=7805"},"modified":"2021-03-01T15:40:42","modified_gmt":"2021-03-01T12:40:42","slug":"home-architecture","status":"publish","type":"page","link":"https:\/\/vakityapi.com.tr\/","title":{"rendered":"Anasayfa"},"content":{"rendered":"<p>[vc_row arrow=&#8221;yes&#8221; scroll_id=&#8221;first-row&#8221; el_class=&#8221;has-scroll-arrow&#8221;][vc_column][rev_slider_vc alias=&#8221;slider-1&#8243;][\/vc_column][\/vc_row][vc_column][\/vc_column][vc_column_text][\/vc_column_text][vc_row el_id=&#8221;first-row&#8221; css=&#8221;.vc_custom_1558594991053{background-image: url() !important;background-position: center !important;background-repeat: no-repeat !important;background-size: cover !important;}&#8221;][vc_column]\r\n\t<div class=\"bauer-spacer clearfix\" data-desktop=\"100\" data-mobi=\"60\" data-smobi=\"60\"><\/div>[\/vc_column][\/vc_row][vc_row css=&#8221;.vc_custom_1558766443290{background-image: url(http:\/\/ninzio.com\/bauer\/wp-content\/uploads\/2019\/05\/archi-bg-2.png?id=8885) !important;background-position: center !important;background-repeat: no-repeat !important;background-size: cover !important;}&#8221;][vc_column]\r\n\t<div class=\"bauer-spacer clearfix\" data-desktop=\"94\" data-mobi=\"60\" data-smobi=\"60\"><\/div><div class=\"bauer-single-heading clearfix text-center\" style=\"margin-bottom:24px;\"><span class=\"inner\"><span class=\"heading clearfix  accent\" style=\"font-weight:600;font-size:16px;\">\r\n\t\tULUSLARARASI T\u0130CARET\r\n\t<\/span><\/span><\/div><h2 class=\"bauer-text clearfix text-center\" style=\"font-size:42px;line-height:50px;margin-bottom:30px;\"><p>Tedarik Zinciri Y\u00f6netimi<\/p>\n<\/h2><div class=\"bauer-text clearfix text-center\" style=\"font-size:18px;line-height:30px;color:#777777;max-width:750px;margin-left: auto; margin-right: auto;\"><p>\u0130htiya\u00e7lar\u0131n\u0131za en uygun \u00fcr\u00fcnleri en k\u0131sa s\u00fcrede tedarik ederek tedarik zinciri y\u00f6netimi ile \u00fcr\u00fcn teslimat\u0131na kadar olan s\u00fcreci profesyonel bi\u00e7imde y\u00f6netiyoruz.<\/p>\n<\/div>\r\n\t<div class=\"bauer-spacer clearfix\" data-desktop=\"70\" data-mobi=\"40\" data-smobi=\"40\"><\/div>[vc_row_inner][vc_column_inner width=&#8221;1\/5&#8243;]<div class=\"bauer-image-box clearfix style-2 text-center\" style=\"\" >\r\n        <div class=\"item\">\r\n            <div class=\"inner\">\r\n                <div class=\"thumb\" style=\"\"><img width=\"552\" height=\"712\" src=\"https:\/\/vakityapi.com.tr\/wp-content\/uploads\/2021\/02\/Adsiz-tasarim-1.png\" class=\"attachment-full size-full\" alt=\"\" loading=\"lazy\" srcset=\"https:\/\/vakityapi.com.tr\/wp-content\/uploads\/2021\/02\/Adsiz-tasarim-1.png 552w, https:\/\/vakityapi.com.tr\/wp-content\/uploads\/2021\/02\/Adsiz-tasarim-1-233x300.png 233w, https:\/\/vakityapi.com.tr\/wp-content\/uploads\/2021\/02\/Adsiz-tasarim-1-480x619.png 480w\" sizes=\"(max-width: 552px) 100vw, 552px\" \/> <\/div>\r\n                <div class=\"text-wrap \" style=\"\">\r\n                     <div class=\"desc\" style=\"margin-bottom:27px;\">Mobilya \u00dcr\u00fcnleri<\/div> <div class=\"url-wrap\">\r\n            <a href=\"vakityapi.com.tr\/dis-ticaret\/\" target=\"_self\" class=\"bauer-links link-style-2 accent\" style=\"\">\r\n                <span class=\"text\">Detaylar<\/span>\r\n            <\/a>\r\n        <\/div>\r\n                <\/div>\r\n                \r\n            <\/div>\r\n        <\/div>\r\n    <\/div>\r\n\t<div class=\"bauer-spacer clearfix\" data-desktop=\"0\" data-mobi=\"30\" data-smobi=\"30\"><\/div>[\/vc_column_inner][vc_column_inner width=&#8221;1\/5&#8243;]<div class=\"bauer-image-box clearfix style-2 text-center\" style=\"\" >\r\n        <div class=\"item\">\r\n            <div class=\"inner\">\r\n                <div class=\"thumb\" style=\"\"><img width=\"552\" height=\"712\" src=\"https:\/\/vakityapi.com.tr\/wp-content\/uploads\/2021\/02\/Adsiz-tasarim-4.png\" class=\"attachment-full size-full\" alt=\"\" loading=\"lazy\" srcset=\"https:\/\/vakityapi.com.tr\/wp-content\/uploads\/2021\/02\/Adsiz-tasarim-4.png 552w, https:\/\/vakityapi.com.tr\/wp-content\/uploads\/2021\/02\/Adsiz-tasarim-4-233x300.png 233w, https:\/\/vakityapi.com.tr\/wp-content\/uploads\/2021\/02\/Adsiz-tasarim-4-480x619.png 480w\" sizes=\"(max-width: 552px) 100vw, 552px\" \/> <\/div>\r\n                <div class=\"text-wrap \" style=\"\">\r\n                     <div class=\"desc\" style=\"margin-bottom:27px;\">Kap\u0131 ve Kap\u0131 \u00dcr\u00fcnleri<\/div> <div class=\"url-wrap\">\r\n            <a href=\"vakityapi.com.tr\/dis-ticaret\/\" target=\"_self\" class=\"bauer-links link-style-2 accent\" style=\"\">\r\n                <span class=\"text\">Detaylar<\/span>\r\n            <\/a>\r\n        <\/div>\r\n                <\/div>\r\n                \r\n            <\/div>\r\n        <\/div>\r\n    <\/div>\r\n\t<div class=\"bauer-spacer clearfix\" data-desktop=\"0\" data-mobi=\"30\" data-smobi=\"30\"><\/div>[\/vc_column_inner][vc_column_inner width=&#8221;1\/5&#8243;]<div class=\"bauer-image-box clearfix style-2 text-center\" style=\"\" >\r\n        <div class=\"item\">\r\n            <div class=\"inner\">\r\n                <div class=\"thumb\" style=\"\"><img width=\"552\" height=\"712\" src=\"https:\/\/vakityapi.com.tr\/wp-content\/uploads\/2021\/02\/Adsiz-tasarim-3.png\" class=\"attachment-full size-full\" alt=\"\" loading=\"lazy\" srcset=\"https:\/\/vakityapi.com.tr\/wp-content\/uploads\/2021\/02\/Adsiz-tasarim-3.png 552w, https:\/\/vakityapi.com.tr\/wp-content\/uploads\/2021\/02\/Adsiz-tasarim-3-233x300.png 233w, https:\/\/vakityapi.com.tr\/wp-content\/uploads\/2021\/02\/Adsiz-tasarim-3-480x619.png 480w\" sizes=\"(max-width: 552px) 100vw, 552px\" \/> <\/div>\r\n                <div class=\"text-wrap \" style=\"\">\r\n                     <div class=\"desc\" style=\"margin-bottom:27px;\">Akustik ve Asma Tavan Grubu<\/div> <div class=\"url-wrap\">\r\n            <a href=\"vakityapi.com.tr\/dis-ticaret\/\" target=\"_self\" class=\"bauer-links link-style-2 accent\" style=\"\">\r\n                <span class=\"text\">Detaylar<\/span>\r\n            <\/a>\r\n        <\/div>\r\n                <\/div>\r\n                \r\n            <\/div>\r\n        <\/div>\r\n    <\/div>\r\n\t<div class=\"bauer-spacer clearfix\" data-desktop=\"0\" data-mobi=\"30\" data-smobi=\"30\"><\/div>[\/vc_column_inner][vc_column_inner width=&#8221;1\/5&#8243;]<div class=\"bauer-image-box clearfix style-2 text-center\" style=\"\" >\r\n        <div class=\"item\">\r\n            <div class=\"inner\">\r\n                <div class=\"thumb\" style=\"\"><img width=\"552\" height=\"712\" src=\"https:\/\/vakityapi.com.tr\/wp-content\/uploads\/2021\/02\/Adsiz-tasarim-5.png\" class=\"attachment-full size-full\" alt=\"\" loading=\"lazy\" srcset=\"https:\/\/vakityapi.com.tr\/wp-content\/uploads\/2021\/02\/Adsiz-tasarim-5.png 552w, https:\/\/vakityapi.com.tr\/wp-content\/uploads\/2021\/02\/Adsiz-tasarim-5-233x300.png 233w, https:\/\/vakityapi.com.tr\/wp-content\/uploads\/2021\/02\/Adsiz-tasarim-5-480x619.png 480w\" sizes=\"(max-width: 552px) 100vw, 552px\" \/> <\/div>\r\n                <div class=\"text-wrap \" style=\"\">\r\n                     <div class=\"desc\" style=\"margin-bottom:27px;\">Tesisat \u00dcr\u00fcnleri ve Armat\u00fcrler<\/div> <div class=\"url-wrap\">\r\n            <a href=\"vakityapi.com.tr\/dis-ticaret\/\" target=\"_self\" class=\"bauer-links link-style-2 accent\" style=\"\">\r\n                <span class=\"text\">Detaylar<\/span>\r\n            <\/a>\r\n        <\/div>\r\n                <\/div>\r\n                \r\n            <\/div>\r\n        <\/div>\r\n    <\/div>\r\n\t<div class=\"bauer-spacer clearfix\" data-desktop=\"0\" data-mobi=\"30\" data-smobi=\"30\"><\/div>[\/vc_column_inner][vc_column_inner width=&#8221;1\/5&#8243;]<div class=\"bauer-image-box clearfix style-2 text-center\" style=\"\" >\r\n        <div class=\"item\">\r\n            <div class=\"inner\">\r\n                <div class=\"thumb\" style=\"\"><img width=\"552\" height=\"712\" src=\"https:\/\/vakityapi.com.tr\/wp-content\/uploads\/2021\/02\/Adsiz-tasarim.png\" class=\"attachment-full size-full\" alt=\"\" loading=\"lazy\" srcset=\"https:\/\/vakityapi.com.tr\/wp-content\/uploads\/2021\/02\/Adsiz-tasarim.png 552w, https:\/\/vakityapi.com.tr\/wp-content\/uploads\/2021\/02\/Adsiz-tasarim-233x300.png 233w, https:\/\/vakityapi.com.tr\/wp-content\/uploads\/2021\/02\/Adsiz-tasarim-480x619.png 480w\" sizes=\"(max-width: 552px) 100vw, 552px\" \/> <\/div>\r\n                <div class=\"text-wrap \" style=\"\">\r\n                     <div class=\"desc\" style=\"margin-bottom:27px;\">Seramik ve Vitrifiye<\/div> <div class=\"url-wrap\">\r\n            <a href=\"vakityapi.com.tr\/dis-ticaret\/\" target=\"_self\" class=\"bauer-links link-style-2 accent\" style=\"\">\r\n                <span class=\"text\">Detaylar<\/span>\r\n            <\/a>\r\n        <\/div>\r\n                <\/div>\r\n                \r\n            <\/div>\r\n        <\/div>\r\n    <\/div>[\/vc_column_inner][\/vc_row_inner]\r\n\t<div class=\"bauer-spacer clearfix\" data-desktop=\"50\" data-mobi=\"30\" data-smobi=\"30\"><\/div>[\/vc_column][\/vc_row][vc_column][\/vc_column][vc_column_text][\/vc_column_text][vc_column][\/vc_column][vc_column][vc_column_text]<\/p>\n<p>&nbsp;<\/p>\n<p>&nbsp;<\/p>\n<p>[\/vc_column_text][\/vc_column][vc_row css=&#8221;.vc_custom_1558852781310{background-color: #f7f9fa !important;background-position: center !important;background-repeat: no-repeat !important;background-size: cover !important;}&#8221;][vc_column][vc_row_inner][vc_column_inner width=&#8221;1\/2&#8243;]\r\n\t<div class=\"bauer-spacer clearfix\" data-desktop=\"30\" data-mobi=\"30\" data-smobi=\"30\"><\/div><div class=\"bauer-headings clearfix \"  style=\"\"><h2 class=\"heading clearfix \" style=\"\">\r\n\t\tFAAL\u0130YET ALANLARIMIZ\r\n\t<\/h2><\/div>\r\n\t<div class=\"bauer-spacer clearfix\" data-desktop=\"30\" data-mobi=\"30\" data-smobi=\"30\"><\/div>[\/vc_column_inner][vc_column_inner width=&#8221;1\/2&#8243;][\/vc_column_inner][\/vc_row_inner][vc_row_inner][vc_column_inner width=&#8221;1\/3&#8243;]<div class=\"bauer-content-box clearfix \" data-padding=\"17px 15px 17px 15px\" data-mobipadding=\"17px 15px 17px 15px\" data-margin=\"\" data-mobimargin=\"\" >\r\n\t\t<div class=\"inner ctb-690186788\" style=\"\"  data-background=\"#ffffff\" data-shadow-hover=\" 0px 0px 20px 0px rgba(0,0,0,0.07)\">\r\n\t\t\t<div class=\"bauer-image-box clearfix style-1 text-center\" style=\"\" >\r\n        <div class=\"item\">\r\n            <div class=\"inner\">\r\n                <div class=\"thumb\" style=\"\"><img width=\"1280\" height=\"1152\" src=\"https:\/\/vakityapi.com.tr\/wp-content\/uploads\/2021\/02\/Ana-Sayfa-kare-foto.png\" class=\"attachment-full size-full\" alt=\"\" loading=\"lazy\" srcset=\"https:\/\/vakityapi.com.tr\/wp-content\/uploads\/2021\/02\/Ana-Sayfa-kare-foto.png 1280w, https:\/\/vakityapi.com.tr\/wp-content\/uploads\/2021\/02\/Ana-Sayfa-kare-foto-300x270.png 300w, https:\/\/vakityapi.com.tr\/wp-content\/uploads\/2021\/02\/Ana-Sayfa-kare-foto-1024x922.png 1024w, https:\/\/vakityapi.com.tr\/wp-content\/uploads\/2021\/02\/Ana-Sayfa-kare-foto-768x691.png 768w, https:\/\/vakityapi.com.tr\/wp-content\/uploads\/2021\/02\/Ana-Sayfa-kare-foto-870x783.png 870w, https:\/\/vakityapi.com.tr\/wp-content\/uploads\/2021\/02\/Ana-Sayfa-kare-foto-640x576.png 640w, https:\/\/vakityapi.com.tr\/wp-content\/uploads\/2021\/02\/Ana-Sayfa-kare-foto-480x432.png 480w\" sizes=\"(max-width: 1280px) 100vw, 1280px\" \/> <div class=\"hover-layer\"><a href=\"\/insaat\/\" class=\"icon\"><span class=\"elegant-icon_plus_alt\"><\/span><\/a><\/div><\/div>\r\n                <div class=\"text-wrap \" style=\" padding:30px 30px 12px;\">\r\n                    <h3 class=\"title\" style=\"font-size:18px;color:#414042;\">\r\n            <a href=\"\/insaat\/\">\r\n                \u0130N\u015eAAT\r\n            <\/a>\r\n        <\/h3>  \r\n                <\/div>\r\n                \r\n            <\/div>\r\n        <\/div>\r\n    <\/div>\r\n\t\t<\/div>\r\n\t<\/div>\r\n\t<div class=\"bauer-spacer clearfix\" data-desktop=\"30\" data-mobi=\"30\" data-smobi=\"30\"><\/div>\r\n\t<div class=\"bauer-spacer clearfix\" data-desktop=\"0\" data-mobi=\"30\" data-smobi=\"30\"><\/div>[\/vc_column_inner][vc_column_inner width=&#8221;1\/3&#8243;]<div class=\"bauer-content-box clearfix \" data-padding=\"17px 15px 17px 15px\" data-mobipadding=\"17px 15px 17px 15px\" data-margin=\"\" data-mobimargin=\"\" >\r\n\t\t<div class=\"inner ctb-1872459601\" style=\"\"  data-background=\"#ffffff\" data-shadow-hover=\" 0px 0px 20px 0px rgba(0,0,0,0.07)\">\r\n\t\t\t<div class=\"bauer-image-box clearfix style-1 text-center\" style=\"\" >\r\n        <div class=\"item\">\r\n            <div class=\"inner\">\r\n                <div class=\"thumb\" style=\"\"><img width=\"1280\" height=\"1152\" src=\"https:\/\/vakityapi.com.tr\/wp-content\/uploads\/2021\/01\/tekstil.jpg\" class=\"attachment-full size-full\" alt=\"\" loading=\"lazy\" srcset=\"https:\/\/vakityapi.com.tr\/wp-content\/uploads\/2021\/01\/tekstil.jpg 1280w, https:\/\/vakityapi.com.tr\/wp-content\/uploads\/2021\/01\/tekstil-300x270.jpg 300w, https:\/\/vakityapi.com.tr\/wp-content\/uploads\/2021\/01\/tekstil-1024x922.jpg 1024w, https:\/\/vakityapi.com.tr\/wp-content\/uploads\/2021\/01\/tekstil-768x691.jpg 768w, https:\/\/vakityapi.com.tr\/wp-content\/uploads\/2021\/01\/tekstil-870x783.jpg 870w, https:\/\/vakityapi.com.tr\/wp-content\/uploads\/2021\/01\/tekstil-640x576.jpg 640w, https:\/\/vakityapi.com.tr\/wp-content\/uploads\/2021\/01\/tekstil-480x432.jpg 480w\" sizes=\"(max-width: 1280px) 100vw, 1280px\" \/> <div class=\"hover-layer\"><a href=\"\/tekstil\" class=\"icon\"><span class=\"elegant-icon_plus_alt\"><\/span><\/a><\/div><\/div>\r\n                <div class=\"text-wrap \" style=\" padding:30px 30px 12px;\">\r\n                    <h3 class=\"title\" style=\"font-size:18px;color:#414042;\">\r\n            <a href=\"\/tekstil\">\r\n                TEKST\u0130L MA\u011eAZACILIK\r\n            <\/a>\r\n        <\/h3>  \r\n                <\/div>\r\n                \r\n            <\/div>\r\n        <\/div>\r\n    <\/div>\r\n\t\t<\/div>\r\n\t<\/div>\r\n\t<div class=\"bauer-spacer clearfix\" data-desktop=\"30\" data-mobi=\"30\" data-smobi=\"30\"><\/div>\r\n\t<div class=\"bauer-spacer clearfix\" data-desktop=\"0\" data-mobi=\"30\" data-smobi=\"30\"><\/div>[\/vc_column_inner][vc_column_inner width=&#8221;1\/3&#8243;]<div class=\"bauer-content-box clearfix \" data-padding=\"17px 15px 17px 15px\" data-mobipadding=\"17px 15px 17px 15px\" data-margin=\"\" data-mobimargin=\"\" >\r\n\t\t<div class=\"inner ctb-683489217\" style=\"\"  data-background=\"#ffffff\" data-shadow-hover=\" 0px 0px 20px 0px rgba(0,0,0,0.07)\">\r\n\t\t\t<div class=\"bauer-image-box clearfix style-1 text-center\" style=\"\" >\r\n        <div class=\"item\">\r\n            <div class=\"inner\">\r\n                <div class=\"thumb\" style=\"\"><img width=\"1280\" height=\"1152\" src=\"https:\/\/vakityapi.com.tr\/wp-content\/uploads\/2021\/01\/ticaret.jpg\" class=\"attachment-full size-full\" alt=\"\" loading=\"lazy\" srcset=\"https:\/\/vakityapi.com.tr\/wp-content\/uploads\/2021\/01\/ticaret.jpg 1280w, https:\/\/vakityapi.com.tr\/wp-content\/uploads\/2021\/01\/ticaret-300x270.jpg 300w, https:\/\/vakityapi.com.tr\/wp-content\/uploads\/2021\/01\/ticaret-1024x922.jpg 1024w, https:\/\/vakityapi.com.tr\/wp-content\/uploads\/2021\/01\/ticaret-768x691.jpg 768w, https:\/\/vakityapi.com.tr\/wp-content\/uploads\/2021\/01\/ticaret-870x783.jpg 870w, https:\/\/vakityapi.com.tr\/wp-content\/uploads\/2021\/01\/ticaret-640x576.jpg 640w, https:\/\/vakityapi.com.tr\/wp-content\/uploads\/2021\/01\/ticaret-480x432.jpg 480w\" sizes=\"(max-width: 1280px) 100vw, 1280px\" \/> <div class=\"hover-layer\"><a href=\"\/dis-ticaret\/\" class=\"icon\"><span class=\"elegant-icon_plus_alt\"><\/span><\/a><\/div><\/div>\r\n                <div class=\"text-wrap \" style=\" padding:30px 30px 12px;\">\r\n                    <h3 class=\"title\" style=\"font-size:18px;color:#414042;\">\r\n            <a href=\"\/dis-ticaret\/\">\r\n                ULUSLAR ARASI T\u0130CARET\r\n            <\/a>\r\n        <\/h3>  \r\n                <\/div>\r\n                \r\n            <\/div>\r\n        <\/div>\r\n    <\/div>\r\n\t\t<\/div>\r\n\t<\/div>\r\n\t<div class=\"bauer-spacer clearfix\" data-desktop=\"30\" data-mobi=\"30\" data-smobi=\"30\"><\/div>[\/vc_column_inner][\/vc_row_inner]\r\n\t<div class=\"bauer-spacer clearfix\" data-desktop=\"100\" data-mobi=\"60\" data-smobi=\"60\"><\/div>[\/vc_column][\/vc_row][vc_row][vc_column][vc_column_text]<\/p>\n<p>[\/vc_column_text][\/vc_column][\/vc_row][vc_row][vc_column][vc_column_text]<\/p>\n<p>&nbsp;<\/p>\n<p>[vc_row][vc_column]<div class=\"bauer-headings clearfix text-center\"  style=\"\"><h2 class=\"heading clearfix \" style=\"\">\r\n\t\t\u0130\u015eT\u0130RAKLER\u0130M\u0130Z\r\n\t<\/h2><\/div>\r\n\t<div class=\"bauer-spacer clearfix\" data-desktop=\"75\" data-mobi=\"50\" data-smobi=\"50\"><\/div>[\/vc_column][\/vc_row][vc_row][vc_column width=&#8221;1\/3&#8243;]<div class=\"bauer-simple-image text-center\" style=\"max-width:250px;margin-left: auto; margin-right: auto;\" >\r\n\t\t\t<a target=\"_blank\" href=\"http:\/\/aemak.com.tr\/\"><img alt=\"image\" src=\"https:\/\/vakityapi.com.tr\/wp-content\/uploads\/2021\/01\/Basliksiz-1.jpg\" \/><\/a> \r\n\t\t<\/div>\r\n\t<div class=\"bauer-spacer clearfix\" data-desktop=\"30\" data-mobi=\"15\" data-smobi=\"15\"><\/div>[\/vc_column][vc_column width=&#8221;1\/3&#8243;]<div class=\"bauer-simple-image text-center\" style=\"max-width:200px;margin-left: auto; margin-right: auto;\" >\r\n\t\t\t<a target=\"_blank\" href=\"#\"><img alt=\"image\" src=\"https:\/\/vakityapi.com.tr\/wp-content\/uploads\/2021\/01\/vakit-yapi-logo-seffaf.png\" \/><\/a> \r\n\t\t<\/div>\r\n\t<div class=\"bauer-spacer clearfix\" data-desktop=\"30\" data-mobi=\"15\" data-smobi=\"15\"><\/div>[\/vc_column][vc_column width=&#8221;1\/3&#8243;]<div class=\"bauer-simple-image text-center\" style=\"max-width:200px;margin-left: auto; margin-right: auto;\" >\r\n\t\t\t<a target=\"_blank\" href=\"https:\/\/www.instagram.com\/katalogkonya\/\"><img alt=\"image\" src=\"https:\/\/vakityapi.com.tr\/wp-content\/uploads\/2021\/01\/3d901f53-ac6e-4e43-a199-82b3bc1e4615.jpg\" \/><\/a> \r\n\t\t<\/div>\r\n\t<div class=\"bauer-spacer clearfix\" data-desktop=\"30\" data-mobi=\"15\" data-smobi=\"15\"><\/div>[\/vc_column][\/vc_row][vc_row][vc_column]\r\n\t<div class=\"bauer-spacer clearfix\" data-desktop=\"75\" data-mobi=\"50\" data-smobi=\"50\"><\/div>[\/vc_column][\/vc_row][vc_row][vc_column][vc_column_text]<\/p>\n","protected":false},"excerpt":{"rendered":"<p>[vc_row arrow=&#8221;yes&#8221; scroll_id=&#8221;first-row&#8221; el_class=&#8221;has-scroll-arrow&#8221;][vc_column][rev_slider_vc alias=&#8221;slider-1&#8243;][\/vc_column][\/vc_row][vc_column][\/vc_column][vc_column_text][\/vc_column_text][vc_row el_id=&#8221;first-row&#8221; css=&#8221;.vc_custom_1558594991053{background-image: url() !important;background-position: center !important;background-repeat: no-repeat !important;background-size: cover !important;}&#8221;][vc_column] [\/vc_column][\/vc_row][vc_row css=&#8221;.vc_custom_1558766443290{background-image: url(http:\/\/ninzio.com\/bauer\/wp-content\/uploads\/2019\/05\/archi-bg-2.png?id=8885) !important;background-position: center !important;background-repeat: no-repeat !important;background-size: cover !important;}&#8221;][vc_column] ULUSLARARASI T\u0130CARET Tedarik Zinciri Y\u00f6netimi \u0130htiya\u00e7lar\u0131n\u0131za en uygun \u00fcr\u00fcnleri en k\u0131sa s\u00fcrede tedarik ederek tedarik zinciri y\u00f6netimi ile \u00fcr\u00fcn teslimat\u0131na kadar olan s\u00fcreci profesyonel bi\u00e7imde<\/p>\n","protected":false},"author":1,"featured_media":0,"parent":0,"menu_order":0,"comment_status":"closed","ping_status":"closed","template":"","meta":[],"_links":{"self":[{"href":"https:\/\/vakityapi.com.tr\/wp-json\/wp\/v2\/pages\/7805"}],"collection":[{"href":"https:\/\/vakityapi.com.tr\/wp-json\/wp\/v2\/pages"}],"about":[{"href":"https:\/\/vakityapi.com.tr\/wp-json\/wp\/v2\/types\/page"}],"author":[{"embeddable":true,"href":"https:\/\/vakityapi.com.tr\/wp-json\/wp\/v2\/users\/1"}],"replies":[{"embeddable":true,"href":"https:\/\/vakityapi.com.tr\/wp-json\/wp\/v2\/comments?post=7805"}],"version-history":[{"count":109,"href":"https:\/\/vakityapi.com.tr\/wp-json\/wp\/v2\/pages\/7805\/revisions"}],"predecessor-version":[{"id":9812,"href":"https:\/\/vakityapi.com.tr\/wp-json\/wp\/v2\/pages\/7805\/revisions\/9812"}],"wp:attachment":[{"href":"https:\/\/vakityapi.com.tr\/wp-json\/wp\/v2\/media?parent=7805"}],"curies":[{"name":"wp","href":"https:\/\/api.w.org\/{rel}","templated":true}]}}