{"id":9652,"date":"2021-01-29T11:57:30","date_gmt":"2021-01-29T08:57:30","guid":{"rendered":"https:\/\/vakityapi.com.tr\/?page_id=9652"},"modified":"2021-02-07T19:20:08","modified_gmt":"2021-02-07T16:20:08","slug":"tekstil","status":"publish","type":"page","link":"https:\/\/vakityapi.com.tr\/tekstil\/","title":{"rendered":"Tekstil"},"content":{"rendered":"<p>[vc_row css=&#8221;.vc_custom_1558754119849{background-image: url(https:\/\/vakityapi.com.tr\/wp-content\/uploads\/2019\/05\/main-bg-1.png?id=8860) !important;background-position: center !important;background-repeat: no-repeat !important;background-size: cover !important;}&#8221; el_id=&#8221;first-row&#8221;][vc_column]\r\n\t<div class=\"bauer-spacer clearfix\" data-desktop=\"94\" data-mobi=\"60\" data-smobi=\"60\"><\/div>[vc_row_inner][vc_column_inner width=&#8221;1\/2&#8243;]<h2 class=\"bauer-text clearfix \" style=\"font-size:42px;line-height:50px;margin-bottom:32px;\"><h4><strong><em>KATALOG KONYA<\/em><\/strong><\/h4>\n<\/h2><div class=\"bauer-text clearfix \" style=\"font-size:18px;line-height:30px;color:#414042;margin-bottom:34px;\"><p>Modan\u0131n En Hesapl\u0131 Yolu !<\/p>\n<\/div><div class=\"bauer-text clearfix \" style=\"\"><p>VAK\u0130T YAPI 2019 y\u0131l\u0131 itibariyle in\u015faat faaliyetlerinin yan\u0131nda tekstil sekt\u00f6r\u00fcne ad\u0131m atm\u0131\u015f ve bu alandaki ilk perakende kad\u0131n ma\u011fazas\u0131n\u0131 \u015fehrin en prestijli b\u00f6lgesi olan zaferde kurmu\u015ftur. Toplam 350 m2 alanda \u201cmodan\u0131n en hesapl\u0131 yolu\u201d mottosuyla m\u00fc\u015fterilerine uygun fiyatl\u0131, moday\u0131 yak\u0131ndan takip eden \u00fcr\u00fcnler sunma amac\u0131yla hizmetine devam etmektedir.<br \/>\nHer ge\u00e7en g\u00fcn bilinirli\u011fi artmakta olan firmam\u0131z m\u00fc\u015fteriler taraf\u0131nda artan ilgi ve memnuniyet ile kar\u015f\u0131 kar\u015f\u0131ya kalmaktad\u0131r. G\u00fcncel \u00fcr\u00fcnler, uygun fiyatlar ve m\u00fc\u015fteri memnuniyeti \u00f6n planda tutarak geli\u015fmeye ve b\u00fcy\u00fcmeye devam etmektedir.<\/p>\n<\/div>\r\n\t<div class=\"bauer-spacer clearfix\" data-desktop=\"60\" data-mobi=\"30\" data-smobi=\"30\"><\/div>[\/vc_column_inner][vc_column_inner width=&#8221;1\/2&#8243;]\r\n\t<div class=\"bauer-spacer clearfix\" data-desktop=\"55\" data-mobi=\"40\" data-smobi=\"40\"><\/div><div class=\"bauer-simple-image text-center\" style=\"\" >\r\n\t\t\t<img alt=\"image\" src=\"https:\/\/vakityapi.com.tr\/wp-content\/uploads\/2021\/02\/magaza-site.png\" \/> \r\n\t\t<\/div>[\/vc_column_inner][\/vc_row_inner][\/vc_column][\/vc_row][vc_row css=&#8221;.vc_custom_1611484274747{background-position: center !important;background-repeat: no-repeat !important;background-size: cover !important;}&#8221;][vc_column][vc_row_inner][vc_column_inner width=&#8221;1\/2&#8243;]\r\n\t<div class=\"bauer-spacer clearfix\" data-desktop=\"52\" data-mobi=\"30\" data-smobi=\"30\"><\/div>[\/vc_column_inner][vc_column_inner width=&#8221;1\/2&#8243;]\r\n\t<div class=\"bauer-spacer clearfix\" data-desktop=\"52\" data-mobi=\"30\" data-smobi=\"30\"><\/div>[\/vc_column_inner][\/vc_row_inner][\/vc_column][\/vc_row]<\/p>\n","protected":false},"excerpt":{"rendered":"<p>[vc_row css=&#8221;.vc_custom_1558754119849{background-image: url(https:\/\/vakityapi.com.tr\/wp-content\/uploads\/2019\/05\/main-bg-1.png?id=8860) !important;background-position: center !important;background-repeat: no-repeat !important;background-size: cover !important;}&#8221; el_id=&#8221;first-row&#8221;][vc_column] [vc_row_inner][vc_column_inner width=&#8221;1\/2&#8243;]KATALOG KONYA Modan\u0131n En Hesapl\u0131 Yolu ! VAK\u0130T YAPI 2019 y\u0131l\u0131 itibariyle in\u015faat faaliyetlerinin yan\u0131nda tekstil sekt\u00f6r\u00fcne ad\u0131m atm\u0131\u015f ve bu alandaki ilk perakende kad\u0131n ma\u011fazas\u0131n\u0131 \u015fehrin en prestijli b\u00f6lgesi olan zaferde kurmu\u015ftur. Toplam 350 m2 alanda \u201cmodan\u0131n<\/p>\n","protected":false},"author":1,"featured_media":0,"parent":0,"menu_order":0,"comment_status":"closed","ping_status":"closed","template":"","meta":[],"_links":{"self":[{"href":"https:\/\/vakityapi.com.tr\/wp-json\/wp\/v2\/pages\/9652"}],"collection":[{"href":"https:\/\/vakityapi.com.tr\/wp-json\/wp\/v2\/pages"}],"about":[{"href":"https:\/\/vakityapi.com.tr\/wp-json\/wp\/v2\/types\/page"}],"author":[{"embeddable":true,"href":"https:\/\/vakityapi.com.tr\/wp-json\/wp\/v2\/users\/1"}],"replies":[{"embeddable":true,"href":"https:\/\/vakityapi.com.tr\/wp-json\/wp\/v2\/comments?post=9652"}],"version-history":[{"count":2,"href":"https:\/\/vakityapi.com.tr\/wp-json\/wp\/v2\/pages\/9652\/revisions"}],"predecessor-version":[{"id":9772,"href":"https:\/\/vakityapi.com.tr\/wp-json\/wp\/v2\/pages\/9652\/revisions\/9772"}],"wp:attachment":[{"href":"https:\/\/vakityapi.com.tr\/wp-json\/wp\/v2\/media?parent=9652"}],"curies":[{"name":"wp","href":"https:\/\/api.w.org\/{rel}","templated":true}]}}